{"id":583,"date":"2020-06-30T18:24:34","date_gmt":"2020-06-30T16:24:34","guid":{"rendered":"https:\/\/numa-bord.com\/miniblog\/?page_id=583"},"modified":"2020-07-18T13:27:23","modified_gmt":"2020-07-18T11:27:23","slug":"arnaque-leboncoin","status":"publish","type":"page","link":"https:\/\/numa-bord.com\/miniblog\/arnaque-leboncoin\/","title":{"rendered":"Arnaque leboncoin"},"content":{"rendered":"<p>Attention au proposition d&rsquo;un vendeur sur leboncoin se faisant passer pour \u00ab\u00a0Dorian Jean pierre Siegel\u00a0\u00bb agent de police \u00e0 Nice, avec justificatifs (carte identit\u00e9, carte professionnelle) il &lsquo;agit d&rsquo;une usurpation d&rsquo;identit\u00e9. <\/p>\n<p>Ne faite pas confiance \u00e0 son num\u00e9ro de mobile 06 44 69 34 06, ses documents justificatifs qui -y compris preuve de d\u00e9p\u00f4t de colis \u00e0 la bonne date et \u00e0 votre nom- sont falsifi\u00e9s. <\/p>\n<p>N&rsquo;envoyer surtout pas d&rsquo;argent sur l&rsquo;IBAN \u00ab\u00a0FR76 4061 8803 2900 0408 4388 402\u00a0\u00bb ou \u00ab\u00a0FR76 2183 3000 0100 0075 1984 013\u00a0\u00bb ou encore \u00ab\u00a0FR76 1690 8000 0102 0031 9959 371\u00a0\u00bb<\/p>\n<p>Actuellement il r\u00e9p\u00e8te des annonces concernant un huawei p30 pro \u00e0 350\u20ac (mais peut \u00eatre aussi d&rsquo;autre)<\/p>\n<p>La personne dont l&rsquo;identit\u00e9 est usurp\u00e9 \u00e0 connaissance des agissements, si vous \u00eates victime de cet escroc vous pouvez laisser un commentaire sur cette page.<\/p>\n<p><em>Mise \u00e0 jour du 18 juillet 2020<\/em> : Je re\u00e7oit diff\u00e9rents retours \u00e0 travers cette page, l&rsquo;escroc continue de s\u00e9vir. <\/p>\n","protected":false},"excerpt":{"rendered":"<p>Attention au proposition d&rsquo;un vendeur sur leboncoin se faisant passer pour \u00ab\u00a0Dorian Jean pierre Siegel\u00a0\u00bb agent de police \u00e0 Nice, avec justificatifs (carte identit\u00e9, carte professionnelle) il &lsquo;agit d&rsquo;une usurpation d&rsquo;identit\u00e9. Ne faite pas confiance \u00e0 son num\u00e9ro de mobile 06 44 69 34 06, ses documents justificatifs qui -y compris preuve de d\u00e9p\u00f4t de [&hellip;]<\/p>\n","protected":false},"author":1,"featured_media":0,"parent":0,"menu_order":0,"comment_status":"open","ping_status":"open","template":"","meta":{"_acf_changed":false,"footnotes":""},"class_list":["post-583","page","type-page","status-publish","hentry"],"acf":[],"yoast_head":"<!-- This site is optimized with the Yoast SEO plugin v27.2 - https:\/\/yoast.com\/product\/yoast-seo-wordpress\/ -->\n<title>Arnaque leboncoin - Pense b\u00eate d&#039;un d\u00e9veloppeur web<\/title>\n<meta name=\"robots\" content=\"index, follow, max-snippet:-1, max-image-preview:large, max-video-preview:-1\" \/>\n<link rel=\"canonical\" href=\"https:\/\/numa-bord.com\/miniblog\/arnaque-leboncoin\/\" \/>\n<meta property=\"og:locale\" content=\"fr_FR\" \/>\n<meta property=\"og:type\" content=\"article\" \/>\n<meta property=\"og:title\" content=\"Arnaque leboncoin - Pense b\u00eate d&#039;un d\u00e9veloppeur web\" \/>\n<meta property=\"og:description\" content=\"Attention au proposition d&rsquo;un vendeur sur leboncoin se faisant passer pour \u00ab\u00a0Dorian Jean pierre Siegel\u00a0\u00bb agent de police \u00e0 Nice, avec justificatifs (carte identit\u00e9, carte professionnelle) il &lsquo;agit d&rsquo;une usurpation d&rsquo;identit\u00e9. Ne faite pas confiance \u00e0 son num\u00e9ro de mobile 06 44 69 34 06, ses documents justificatifs qui -y compris preuve de d\u00e9p\u00f4t de [&hellip;]\" \/>\n<meta property=\"og:url\" content=\"https:\/\/numa-bord.com\/miniblog\/arnaque-leboncoin\/\" \/>\n<meta property=\"og:site_name\" content=\"Pense b\u00eate d&#039;un d\u00e9veloppeur web\" \/>\n<meta property=\"article:modified_time\" content=\"2020-07-18T11:27:23+00:00\" \/>\n<meta name=\"twitter:card\" content=\"summary_large_image\" \/>\n<meta name=\"twitter:label1\" content=\"Dur\u00e9e de lecture estim\u00e9e\" \/>\n\t<meta name=\"twitter:data1\" content=\"1 minute\" \/>\n<script type=\"application\/ld+json\" class=\"yoast-schema-graph\">{\"@context\":\"https:\/\/schema.org\",\"@graph\":[{\"@type\":\"WebPage\",\"@id\":\"https:\/\/numa-bord.com\/miniblog\/arnaque-leboncoin\/\",\"url\":\"https:\/\/numa-bord.com\/miniblog\/arnaque-leboncoin\/\",\"name\":\"Arnaque leboncoin - Pense b\u00eate d&#039;un d\u00e9veloppeur web\",\"isPartOf\":{\"@id\":\"https:\/\/numa-bord.com\/miniblog\/#website\"},\"datePublished\":\"2020-06-30T16:24:34+00:00\",\"dateModified\":\"2020-07-18T11:27:23+00:00\",\"breadcrumb\":{\"@id\":\"https:\/\/numa-bord.com\/miniblog\/arnaque-leboncoin\/#breadcrumb\"},\"inLanguage\":\"fr-FR\",\"potentialAction\":[{\"@type\":\"ReadAction\",\"target\":[\"https:\/\/numa-bord.com\/miniblog\/arnaque-leboncoin\/\"]}]},{\"@type\":\"BreadcrumbList\",\"@id\":\"https:\/\/numa-bord.com\/miniblog\/arnaque-leboncoin\/#breadcrumb\",\"itemListElement\":[{\"@type\":\"ListItem\",\"position\":1,\"name\":\"Accueil\",\"item\":\"https:\/\/numa-bord.com\/miniblog\/\"},{\"@type\":\"ListItem\",\"position\":2,\"name\":\"Arnaque leboncoin\"}]},{\"@type\":\"WebSite\",\"@id\":\"https:\/\/numa-bord.com\/miniblog\/#website\",\"url\":\"https:\/\/numa-bord.com\/miniblog\/\",\"name\":\"Pense b\u00eate d&#039;un d\u00e9veloppeur web\",\"description\":\"(php, javascript, Symfony, Wordpress....)\",\"potentialAction\":[{\"@type\":\"SearchAction\",\"target\":{\"@type\":\"EntryPoint\",\"urlTemplate\":\"https:\/\/numa-bord.com\/miniblog\/?s={search_term_string}\"},\"query-input\":{\"@type\":\"PropertyValueSpecification\",\"valueRequired\":true,\"valueName\":\"search_term_string\"}}],\"inLanguage\":\"fr-FR\"}]}<\/script>\n<!-- \/ Yoast SEO plugin. -->","yoast_head_json":{"title":"Arnaque leboncoin - Pense b\u00eate d&#039;un d\u00e9veloppeur web","robots":{"index":"index","follow":"follow","max-snippet":"max-snippet:-1","max-image-preview":"max-image-preview:large","max-video-preview":"max-video-preview:-1"},"canonical":"https:\/\/numa-bord.com\/miniblog\/arnaque-leboncoin\/","og_locale":"fr_FR","og_type":"article","og_title":"Arnaque leboncoin - Pense b\u00eate d&#039;un d\u00e9veloppeur web","og_description":"Attention au proposition d&rsquo;un vendeur sur leboncoin se faisant passer pour \u00ab\u00a0Dorian Jean pierre Siegel\u00a0\u00bb agent de police \u00e0 Nice, avec justificatifs (carte identit\u00e9, carte professionnelle) il &lsquo;agit d&rsquo;une usurpation d&rsquo;identit\u00e9. Ne faite pas confiance \u00e0 son num\u00e9ro de mobile 06 44 69 34 06, ses documents justificatifs qui -y compris preuve de d\u00e9p\u00f4t de [&hellip;]","og_url":"https:\/\/numa-bord.com\/miniblog\/arnaque-leboncoin\/","og_site_name":"Pense b\u00eate d&#039;un d\u00e9veloppeur web","article_modified_time":"2020-07-18T11:27:23+00:00","twitter_card":"summary_large_image","twitter_misc":{"Dur\u00e9e de lecture estim\u00e9e":"1 minute"},"schema":{"@context":"https:\/\/schema.org","@graph":[{"@type":"WebPage","@id":"https:\/\/numa-bord.com\/miniblog\/arnaque-leboncoin\/","url":"https:\/\/numa-bord.com\/miniblog\/arnaque-leboncoin\/","name":"Arnaque leboncoin - Pense b\u00eate d&#039;un d\u00e9veloppeur web","isPartOf":{"@id":"https:\/\/numa-bord.com\/miniblog\/#website"},"datePublished":"2020-06-30T16:24:34+00:00","dateModified":"2020-07-18T11:27:23+00:00","breadcrumb":{"@id":"https:\/\/numa-bord.com\/miniblog\/arnaque-leboncoin\/#breadcrumb"},"inLanguage":"fr-FR","potentialAction":[{"@type":"ReadAction","target":["https:\/\/numa-bord.com\/miniblog\/arnaque-leboncoin\/"]}]},{"@type":"BreadcrumbList","@id":"https:\/\/numa-bord.com\/miniblog\/arnaque-leboncoin\/#breadcrumb","itemListElement":[{"@type":"ListItem","position":1,"name":"Accueil","item":"https:\/\/numa-bord.com\/miniblog\/"},{"@type":"ListItem","position":2,"name":"Arnaque leboncoin"}]},{"@type":"WebSite","@id":"https:\/\/numa-bord.com\/miniblog\/#website","url":"https:\/\/numa-bord.com\/miniblog\/","name":"Pense b\u00eate d&#039;un d\u00e9veloppeur web","description":"(php, javascript, Symfony, Wordpress....)","potentialAction":[{"@type":"SearchAction","target":{"@type":"EntryPoint","urlTemplate":"https:\/\/numa-bord.com\/miniblog\/?s={search_term_string}"},"query-input":{"@type":"PropertyValueSpecification","valueRequired":true,"valueName":"search_term_string"}}],"inLanguage":"fr-FR"}]}},"_links":{"self":[{"href":"https:\/\/numa-bord.com\/miniblog\/wp-json\/wp\/v2\/pages\/583","targetHints":{"allow":["GET"]}}],"collection":[{"href":"https:\/\/numa-bord.com\/miniblog\/wp-json\/wp\/v2\/pages"}],"about":[{"href":"https:\/\/numa-bord.com\/miniblog\/wp-json\/wp\/v2\/types\/page"}],"author":[{"embeddable":true,"href":"https:\/\/numa-bord.com\/miniblog\/wp-json\/wp\/v2\/users\/1"}],"replies":[{"embeddable":true,"href":"https:\/\/numa-bord.com\/miniblog\/wp-json\/wp\/v2\/comments?post=583"}],"version-history":[{"count":7,"href":"https:\/\/numa-bord.com\/miniblog\/wp-json\/wp\/v2\/pages\/583\/revisions"}],"predecessor-version":[{"id":591,"href":"https:\/\/numa-bord.com\/miniblog\/wp-json\/wp\/v2\/pages\/583\/revisions\/591"}],"wp:attachment":[{"href":"https:\/\/numa-bord.com\/miniblog\/wp-json\/wp\/v2\/media?parent=583"}],"curies":[{"name":"wp","href":"https:\/\/api.w.org\/{rel}","templated":true}]}}