{"id":296,"date":"2018-02-25T14:32:01","date_gmt":"2018-02-25T13:32:01","guid":{"rendered":"https:\/\/numa-bord.com\/miniblog\/?page_id=296"},"modified":"2018-02-25T14:32:01","modified_gmt":"2018-02-25T13:32:01","slug":"plugin-action-ajax-demonstration","status":"publish","type":"page","link":"https:\/\/numa-bord.com\/miniblog\/plugin-action-ajax-demonstration\/","title":{"rendered":"Plugin action ajax d\u00e9monstration"},"content":{"rendered":"<form class=\"submit-input-ajax-container\"><div><label for=\"submit-input-ajax\">Veuillez entrez une information et valider en cliquant sur le bouton<\/label><\/div><input type=\"text\" id=\"submit-input-ajax\" \/><button type=\"submit\" id=\"btn-submit-input-ajax\" >Valider<\/button><\/form>\n","protected":false},"excerpt":{"rendered":"","protected":false},"author":1,"featured_media":0,"parent":0,"menu_order":0,"comment_status":"closed","ping_status":"closed","template":"","meta":{"_acf_changed":false,"footnotes":""},"class_list":["post-296","page","type-page","status-publish","hentry"],"acf":[],"yoast_head":"<!-- This site is optimized with the Yoast SEO plugin v27.2 - https:\/\/yoast.com\/product\/yoast-seo-wordpress\/ -->\n<title>Plugin action ajax d\u00e9monstration - Pense b\u00eate d&#039;un d\u00e9veloppeur web<\/title>\n<meta name=\"robots\" content=\"index, follow, max-snippet:-1, max-image-preview:large, max-video-preview:-1\" \/>\n<link rel=\"canonical\" href=\"https:\/\/numa-bord.com\/miniblog\/plugin-action-ajax-demonstration\/\" \/>\n<meta property=\"og:locale\" content=\"fr_FR\" \/>\n<meta property=\"og:type\" content=\"article\" \/>\n<meta property=\"og:title\" content=\"Plugin action ajax d\u00e9monstration - Pense b\u00eate d&#039;un d\u00e9veloppeur web\" \/>\n<meta property=\"og:url\" content=\"https:\/\/numa-bord.com\/miniblog\/plugin-action-ajax-demonstration\/\" \/>\n<meta property=\"og:site_name\" content=\"Pense b\u00eate d&#039;un d\u00e9veloppeur web\" \/>\n<meta name=\"twitter:card\" content=\"summary_large_image\" \/>\n<script type=\"application\/ld+json\" class=\"yoast-schema-graph\">{\"@context\":\"https:\/\/schema.org\",\"@graph\":[{\"@type\":\"WebPage\",\"@id\":\"https:\/\/numa-bord.com\/miniblog\/plugin-action-ajax-demonstration\/\",\"url\":\"https:\/\/numa-bord.com\/miniblog\/plugin-action-ajax-demonstration\/\",\"name\":\"Plugin action ajax d\u00e9monstration - Pense b\u00eate d&#039;un d\u00e9veloppeur web\",\"isPartOf\":{\"@id\":\"https:\/\/numa-bord.com\/miniblog\/#website\"},\"datePublished\":\"2018-02-25T13:32:01+00:00\",\"breadcrumb\":{\"@id\":\"https:\/\/numa-bord.com\/miniblog\/plugin-action-ajax-demonstration\/#breadcrumb\"},\"inLanguage\":\"fr-FR\",\"potentialAction\":[{\"@type\":\"ReadAction\",\"target\":[\"https:\/\/numa-bord.com\/miniblog\/plugin-action-ajax-demonstration\/\"]}]},{\"@type\":\"BreadcrumbList\",\"@id\":\"https:\/\/numa-bord.com\/miniblog\/plugin-action-ajax-demonstration\/#breadcrumb\",\"itemListElement\":[{\"@type\":\"ListItem\",\"position\":1,\"name\":\"Accueil\",\"item\":\"https:\/\/numa-bord.com\/miniblog\/\"},{\"@type\":\"ListItem\",\"position\":2,\"name\":\"Plugin action ajax d\u00e9monstration\"}]},{\"@type\":\"WebSite\",\"@id\":\"https:\/\/numa-bord.com\/miniblog\/#website\",\"url\":\"https:\/\/numa-bord.com\/miniblog\/\",\"name\":\"Pense b\u00eate d&#039;un d\u00e9veloppeur web\",\"description\":\"(php, javascript, Symfony, Wordpress....)\",\"potentialAction\":[{\"@type\":\"SearchAction\",\"target\":{\"@type\":\"EntryPoint\",\"urlTemplate\":\"https:\/\/numa-bord.com\/miniblog\/?s={search_term_string}\"},\"query-input\":{\"@type\":\"PropertyValueSpecification\",\"valueRequired\":true,\"valueName\":\"search_term_string\"}}],\"inLanguage\":\"fr-FR\"}]}<\/script>\n<!-- \/ Yoast SEO plugin. -->","yoast_head_json":{"title":"Plugin action ajax d\u00e9monstration - Pense b\u00eate d&#039;un d\u00e9veloppeur web","robots":{"index":"index","follow":"follow","max-snippet":"max-snippet:-1","max-image-preview":"max-image-preview:large","max-video-preview":"max-video-preview:-1"},"canonical":"https:\/\/numa-bord.com\/miniblog\/plugin-action-ajax-demonstration\/","og_locale":"fr_FR","og_type":"article","og_title":"Plugin action ajax d\u00e9monstration - Pense b\u00eate d&#039;un d\u00e9veloppeur web","og_url":"https:\/\/numa-bord.com\/miniblog\/plugin-action-ajax-demonstration\/","og_site_name":"Pense b\u00eate d&#039;un d\u00e9veloppeur web","twitter_card":"summary_large_image","schema":{"@context":"https:\/\/schema.org","@graph":[{"@type":"WebPage","@id":"https:\/\/numa-bord.com\/miniblog\/plugin-action-ajax-demonstration\/","url":"https:\/\/numa-bord.com\/miniblog\/plugin-action-ajax-demonstration\/","name":"Plugin action ajax d\u00e9monstration - Pense b\u00eate d&#039;un d\u00e9veloppeur web","isPartOf":{"@id":"https:\/\/numa-bord.com\/miniblog\/#website"},"datePublished":"2018-02-25T13:32:01+00:00","breadcrumb":{"@id":"https:\/\/numa-bord.com\/miniblog\/plugin-action-ajax-demonstration\/#breadcrumb"},"inLanguage":"fr-FR","potentialAction":[{"@type":"ReadAction","target":["https:\/\/numa-bord.com\/miniblog\/plugin-action-ajax-demonstration\/"]}]},{"@type":"BreadcrumbList","@id":"https:\/\/numa-bord.com\/miniblog\/plugin-action-ajax-demonstration\/#breadcrumb","itemListElement":[{"@type":"ListItem","position":1,"name":"Accueil","item":"https:\/\/numa-bord.com\/miniblog\/"},{"@type":"ListItem","position":2,"name":"Plugin action ajax d\u00e9monstration"}]},{"@type":"WebSite","@id":"https:\/\/numa-bord.com\/miniblog\/#website","url":"https:\/\/numa-bord.com\/miniblog\/","name":"Pense b\u00eate d&#039;un d\u00e9veloppeur web","description":"(php, javascript, Symfony, Wordpress....)","potentialAction":[{"@type":"SearchAction","target":{"@type":"EntryPoint","urlTemplate":"https:\/\/numa-bord.com\/miniblog\/?s={search_term_string}"},"query-input":{"@type":"PropertyValueSpecification","valueRequired":true,"valueName":"search_term_string"}}],"inLanguage":"fr-FR"}]}},"_links":{"self":[{"href":"https:\/\/numa-bord.com\/miniblog\/wp-json\/wp\/v2\/pages\/296","targetHints":{"allow":["GET"]}}],"collection":[{"href":"https:\/\/numa-bord.com\/miniblog\/wp-json\/wp\/v2\/pages"}],"about":[{"href":"https:\/\/numa-bord.com\/miniblog\/wp-json\/wp\/v2\/types\/page"}],"author":[{"embeddable":true,"href":"https:\/\/numa-bord.com\/miniblog\/wp-json\/wp\/v2\/users\/1"}],"replies":[{"embeddable":true,"href":"https:\/\/numa-bord.com\/miniblog\/wp-json\/wp\/v2\/comments?post=296"}],"version-history":[{"count":1,"href":"https:\/\/numa-bord.com\/miniblog\/wp-json\/wp\/v2\/pages\/296\/revisions"}],"predecessor-version":[{"id":297,"href":"https:\/\/numa-bord.com\/miniblog\/wp-json\/wp\/v2\/pages\/296\/revisions\/297"}],"wp:attachment":[{"href":"https:\/\/numa-bord.com\/miniblog\/wp-json\/wp\/v2\/media?parent=296"}],"curies":[{"name":"wp","href":"https:\/\/api.w.org\/{rel}","templated":true}]}}